{"id":868,"date":"2022-04-27T07:09:00","date_gmt":"2022-04-27T04:09:00","guid":{"rendered":"https:\/\/svyturysbrewery.lt\/?page_id=868"},"modified":"2023-06-20T12:35:52","modified_gmt":"2023-06-20T09:35:52","slug":"home","status":"publish","type":"page","link":"https:\/\/svyturysbrewery.lt\/en\/","title":{"rendered":"Home"},"content":{"rendered":"\r\n<p>This is an example page. The page is slightly different from the post, as it stays in one place and is displayed in the menu bar for most topics. Usually the first page created is the &#8216;About&#8217; page, which introduces the website to visitors. This page may look like this:<\/p>\r\n\r\n\r\n\r\n<blockquote class=\"wp-block-quote\">\r\n<p>Hello! By day I work as a courier, by night I&#8217;m trying to become an actor, and I&#8217;m also building this website. I live in Vilnius, have a wonderful dog called Rex, and love drinking juice (and getting caught in the rain).<\/p>\r\n<\/blockquote>\r\n\r\n\r\n\r\n<p>&#8230;or yes:<\/p>\r\n\r\n\r\n\r\n<blockquote class=\"wp-block-quote\">\r\n<p>UAB &#8220;Lazeri\u0173 \u012fmon\u0117&#8221; was founded in 1971 and has been producing various types of lasers since then. &#8220;Lazeris is based in Kaunas, Lithuania, and employs around 2000 physicists who work every day on the amazing products that make life easier for us all.<\/p>\r\n<\/blockquote>\r\n\r\n\r\n\r\n<p>As a new WordPress user, please visit your <a href=\"\/\/localhost:3000:3000:3000:3000\/brewery.lt\/wp-admin\/\">Dashboard<\/a>, delete this page and create a new one with your content. Enjoy!<\/p>\r\n","protected":false},"excerpt":{"rendered":"<p>This is an example page. The page is slightly different from the post, as it stays in one place and is displayed in the menu bar for most topics. Usually the first page created is the &#8216;About&#8217; page, which introduces the website to visitors. This page may look like this: Hello! By day I work [&hellip;]<\/p>\n","protected":false},"author":1,"featured_media":0,"parent":0,"menu_order":0,"comment_status":"closed","ping_status":"closed","template":"","meta":{"inline_featured_image":false,"footnotes":""},"acf":[],"yoast_head":"<!-- This site is optimized with the Yoast SEO plugin v19.2 - https:\/\/yoast.com\/wordpress\/plugins\/seo\/ -->\n<title>Home - \u0160vyturys BHouse<\/title>\n<meta name=\"robots\" content=\"index, follow, max-snippet:-1, max-image-preview:large, max-video-preview:-1\" \/>\n<link rel=\"canonical\" href=\"https:\/\/svyturysbrewery.lt\/en\/\" \/>\n<meta property=\"og:locale\" content=\"en_US\" \/>\n<meta property=\"og:type\" content=\"article\" \/>\n<meta property=\"og:title\" content=\"Home - \u0160vyturys BHouse\" \/>\n<meta property=\"og:description\" content=\"This is an example page. The page is slightly different from the post, as it stays in one place and is displayed in the menu bar for most topics. Usually the first page created is the &#8216;About&#8217; page, which introduces the website to visitors. This page may look like this: Hello! By day I work [&hellip;]\" \/>\n<meta property=\"og:url\" content=\"https:\/\/svyturysbrewery.lt\/en\/\" \/>\n<meta property=\"og:site_name\" content=\"\u0160vyturys BHouse\" \/>\n<meta property=\"article:publisher\" content=\"https:\/\/www.facebook.com\/SvyturysBHouse\" \/>\n<meta property=\"article:modified_time\" content=\"2023-06-20T09:35:52+00:00\" \/>\n<meta name=\"author\" content=\"Vitalij Vir\u0161ulo\" \/>\n<meta name=\"twitter:card\" content=\"summary_large_image\" \/>\n<meta name=\"twitter:label1\" content=\"Est. reading time\" \/>\n\t<meta name=\"twitter:data1\" content=\"1 minute\" \/>\n<script type=\"application\/ld+json\" class=\"yoast-schema-graph\">{\"@context\":\"https:\/\/schema.org\",\"@graph\":[{\"@type\":\"Organization\",\"@id\":\"https:\/\/svyturysbrewery.lt\/en\/#organization\",\"name\":\"\u0160vyturio Alaus Darykla\",\"url\":\"https:\/\/svyturysbrewery.lt\/en\/\",\"sameAs\":[\"https:\/\/www.facebook.com\/SvyturysBHouse\"],\"logo\":{\"@type\":\"ImageObject\",\"inLanguage\":\"en-US\",\"@id\":\"https:\/\/svyturysbrewery.lt\/en\/#\/schema\/logo\/image\/\",\"url\":\"https:\/\/svyturysbrewery.lt\/wp-content\/uploads\/2022\/05\/logo-black.png\",\"contentUrl\":\"https:\/\/svyturysbrewery.lt\/wp-content\/uploads\/2022\/05\/logo-black.png\",\"width\":100,\"height\":100,\"caption\":\"\u0160vyturio Alaus Darykla\"},\"image\":{\"@id\":\"https:\/\/svyturysbrewery.lt\/en\/#\/schema\/logo\/image\/\"}},{\"@type\":\"WebSite\",\"@id\":\"https:\/\/svyturysbrewery.lt\/en\/#website\",\"url\":\"https:\/\/svyturysbrewery.lt\/en\/\",\"name\":\"\u0160vyturys BHouse\",\"description\":\"\u0160vyturio Alaus Darykla\",\"publisher\":{\"@id\":\"https:\/\/svyturysbrewery.lt\/en\/#organization\"},\"potentialAction\":[{\"@type\":\"SearchAction\",\"target\":{\"@type\":\"EntryPoint\",\"urlTemplate\":\"https:\/\/svyturysbrewery.lt\/en\/?s={search_term_string}\"},\"query-input\":\"required name=search_term_string\"}],\"inLanguage\":\"en-US\"},{\"@type\":\"WebPage\",\"@id\":\"https:\/\/svyturysbrewery.lt\/en\/#webpage\",\"url\":\"https:\/\/svyturysbrewery.lt\/en\/\",\"name\":\"Home - \u0160vyturys BHouse\",\"isPartOf\":{\"@id\":\"https:\/\/svyturysbrewery.lt\/en\/#website\"},\"datePublished\":\"2022-04-27T04:09:00+00:00\",\"dateModified\":\"2023-06-20T09:35:52+00:00\",\"breadcrumb\":{\"@id\":\"https:\/\/svyturysbrewery.lt\/en\/#breadcrumb\"},\"inLanguage\":\"en-US\",\"potentialAction\":[{\"@type\":\"ReadAction\",\"target\":[\"https:\/\/svyturysbrewery.lt\/en\/\"]}]},{\"@type\":\"BreadcrumbList\",\"@id\":\"https:\/\/svyturysbrewery.lt\/en\/#breadcrumb\",\"itemListElement\":[{\"@type\":\"ListItem\",\"position\":1,\"name\":\"Home\",\"item\":\"http:\/\/svyturysbrewery.lt\/en\/\"},{\"@type\":\"ListItem\",\"position\":2,\"name\":\"Home\"}]}]}<\/script>\n<!-- \/ Yoast SEO plugin. -->","yoast_head_json":{"title":"Home - \u0160vyturys BHouse","robots":{"index":"index","follow":"follow","max-snippet":"max-snippet:-1","max-image-preview":"max-image-preview:large","max-video-preview":"max-video-preview:-1"},"canonical":"https:\/\/svyturysbrewery.lt\/en\/","og_locale":"en_US","og_type":"article","og_title":"Home - \u0160vyturys BHouse","og_description":"This is an example page. The page is slightly different from the post, as it stays in one place and is displayed in the menu bar for most topics. Usually the first page created is the &#8216;About&#8217; page, which introduces the website to visitors. This page may look like this: Hello! By day I work [&hellip;]","og_url":"https:\/\/svyturysbrewery.lt\/en\/","og_site_name":"\u0160vyturys BHouse","article_publisher":"https:\/\/www.facebook.com\/SvyturysBHouse","article_modified_time":"2023-06-20T09:35:52+00:00","author":"Vitalij Vir\u0161ulo","twitter_card":"summary_large_image","twitter_misc":{"Est. reading time":"1 minute"},"schema":{"@context":"https:\/\/schema.org","@graph":[{"@type":"Organization","@id":"https:\/\/svyturysbrewery.lt\/en\/#organization","name":"\u0160vyturio Alaus Darykla","url":"https:\/\/svyturysbrewery.lt\/en\/","sameAs":["https:\/\/www.facebook.com\/SvyturysBHouse"],"logo":{"@type":"ImageObject","inLanguage":"en-US","@id":"https:\/\/svyturysbrewery.lt\/en\/#\/schema\/logo\/image\/","url":"https:\/\/svyturysbrewery.lt\/wp-content\/uploads\/2022\/05\/logo-black.png","contentUrl":"https:\/\/svyturysbrewery.lt\/wp-content\/uploads\/2022\/05\/logo-black.png","width":100,"height":100,"caption":"\u0160vyturio Alaus Darykla"},"image":{"@id":"https:\/\/svyturysbrewery.lt\/en\/#\/schema\/logo\/image\/"}},{"@type":"WebSite","@id":"https:\/\/svyturysbrewery.lt\/en\/#website","url":"https:\/\/svyturysbrewery.lt\/en\/","name":"\u0160vyturys BHouse","description":"\u0160vyturio Alaus Darykla","publisher":{"@id":"https:\/\/svyturysbrewery.lt\/en\/#organization"},"potentialAction":[{"@type":"SearchAction","target":{"@type":"EntryPoint","urlTemplate":"https:\/\/svyturysbrewery.lt\/en\/?s={search_term_string}"},"query-input":"required name=search_term_string"}],"inLanguage":"en-US"},{"@type":"WebPage","@id":"https:\/\/svyturysbrewery.lt\/en\/#webpage","url":"https:\/\/svyturysbrewery.lt\/en\/","name":"Home - \u0160vyturys BHouse","isPartOf":{"@id":"https:\/\/svyturysbrewery.lt\/en\/#website"},"datePublished":"2022-04-27T04:09:00+00:00","dateModified":"2023-06-20T09:35:52+00:00","breadcrumb":{"@id":"https:\/\/svyturysbrewery.lt\/en\/#breadcrumb"},"inLanguage":"en-US","potentialAction":[{"@type":"ReadAction","target":["https:\/\/svyturysbrewery.lt\/en\/"]}]},{"@type":"BreadcrumbList","@id":"https:\/\/svyturysbrewery.lt\/en\/#breadcrumb","itemListElement":[{"@type":"ListItem","position":1,"name":"Home","item":"http:\/\/svyturysbrewery.lt\/en\/"},{"@type":"ListItem","position":2,"name":"Home"}]}]}},"_links":{"self":[{"href":"https:\/\/svyturysbrewery.lt\/en\/wp-json\/wp\/v2\/pages\/868"}],"collection":[{"href":"https:\/\/svyturysbrewery.lt\/en\/wp-json\/wp\/v2\/pages"}],"about":[{"href":"https:\/\/svyturysbrewery.lt\/en\/wp-json\/wp\/v2\/types\/page"}],"author":[{"embeddable":true,"href":"https:\/\/svyturysbrewery.lt\/en\/wp-json\/wp\/v2\/users\/1"}],"replies":[{"embeddable":true,"href":"https:\/\/svyturysbrewery.lt\/en\/wp-json\/wp\/v2\/comments?post=868"}],"version-history":[{"count":10,"href":"https:\/\/svyturysbrewery.lt\/en\/wp-json\/wp\/v2\/pages\/868\/revisions"}],"predecessor-version":[{"id":1052,"href":"https:\/\/svyturysbrewery.lt\/en\/wp-json\/wp\/v2\/pages\/868\/revisions\/1052"}],"wp:attachment":[{"href":"https:\/\/svyturysbrewery.lt\/en\/wp-json\/wp\/v2\/media?parent=868"}],"curies":[{"name":"wp","href":"https:\/\/api.w.org\/{rel}","templated":true}]}}